{"id":10,"date":"2011-03-24T16:47:38","date_gmt":"2011-03-24T16:47:38","guid":{"rendered":"http:\/\/savourezmontreal.design-lin.com\/?page_id=10"},"modified":"2021-10-13T19:39:40","modified_gmt":"2021-10-13T19:39:40","slug":"savourez-montreal","status":"publish","type":"page","link":"https:\/\/design-lin.com\/savourezmontreal\/","title":{"rendered":"Savourez Montr\u00e9al"},"content":{"rendered":"<h3>Bienvenue \u00e0 \u00ab\u00a0Savourez Montr\u00e9al\u00a0\u00bb<\/h3>\n<p>Les silos de grain ont toujours \u00e9t\u00e9 un <em>objet de fascination <\/em>gr\u00e2ce \u00e0 sa forme, son volume et sa monumentalit\u00e9.<em> <\/em><\/p>\n<p>Form\u00e9 par les \u00e9tudiants en g\u00e9nie de ETS et les \u00e9tudiants de McGill en architecture, <em> <\/em>l\u2019\u00e9quipe Multi-Concept, propose un design de revitalisation pour le silos de grain #5.\u00a0 Comme premier projet, notre mission est de r\u00e9tablir le prestige des silos de l&rsquo;\u00e8re industriel. En transformant les silos #5 \u00e0 l\u2019icone de Montr\u00e9al, le projet deviendra un exemple pour ses innovations en science, agriculture urbaine, la gastronomie et dans le d\u00e9veloppement durable.<\/p>\n<p><strong>Voir la pr\u00e9sentation du projet par les \u00e9tudiants de McGill et ETS en <a title=\"Presentation Silo 5 Montreal\" href=\"http:\/\/design-lin.com\/savourezmontreal\/presentation\/\">cliquant ici<\/a>.<\/strong><\/p>\n<h3>Emplacement g\u00e9ographique des silos #5 de Montr\u00e9al<\/h3>\n<p><iframe loading=\"lazy\" width=\"700\" height=\"350\" frameborder=\"0\" scrolling=\"no\" marginheight=\"0\" marginwidth=\"0\" src=\"http:\/\/maps.google.ca\/maps?f=q&amp;source=s_q&amp;hl=en&amp;geocode=&amp;q=silo+5&amp;aq=&amp;sll=45.50867,-73.553992&amp;sspn=0.847877,1.183777&amp;ie=UTF8&amp;hq=silo+5&amp;hnear=&amp;t=h&amp;ll=45.498226,-73.549991&amp;spn=0.005264,0.01502&amp;z=16&amp;output=embed\"><\/iframe><br \/><small><a href=\"http:\/\/maps.google.ca\/maps?f=q&amp;source=embed&amp;hl=en&amp;geocode=&amp;q=silo+5&amp;aq=&amp;sll=45.50867,-73.553992&amp;sspn=0.847877,1.183777&amp;ie=UTF8&amp;hq=silo+5&amp;hnear=&amp;t=h&amp;ll=45.498226,-73.549991&amp;spn=0.005264,0.01502&amp;z=16\" style=\"color:#0000FF;text-align:left\">View Larger Map<\/a><\/small><\/p>\n<p>Pour voir les silos depuis Google StreetView, <a title=\"Google StreetView\" href=\"http:\/\/goo.gl\/maps\/wpTz\" target=\"_blank\" rel=\"noopener\">cliquez ici<\/a>.<\/p>\n","protected":false},"excerpt":{"rendered":"<p>Bienvenue \u00e0 \u00ab\u00a0Savourez Montr\u00e9al\u00a0\u00bb Les silos de grain ont toujours \u00e9t\u00e9 un objet de fascination gr\u00e2ce \u00e0 sa forme, son volume et sa monumentalit\u00e9. Form\u00e9 par les \u00e9tudiants en g\u00e9nie de ETS et les \u00e9tudiants de McGill en architecture, l\u2019\u00e9quipe &hellip; <a class=\"more-link\" href=\"https:\/\/design-lin.com\/savourezmontreal\/\">Continuer la lecture <span class=\"meta-nav\">&rarr;<\/span><\/a><\/p>\n","protected":false},"author":1,"featured_media":0,"parent":0,"menu_order":0,"comment_status":"closed","ping_status":"open","template":"onecolumn-page.php","meta":{"_monsterinsights_skip_tracking":false,"_monsterinsights_sitenote_active":false,"_monsterinsights_sitenote_note":"","_monsterinsights_sitenote_category":0,"ngg_post_thumbnail":0,"footnotes":""},"class_list":["post-10","page","type-page","status-publish","hentry"],"aioseo_notices":[],"_links":{"self":[{"href":"https:\/\/design-lin.com\/savourezmontreal\/wp-json\/wp\/v2\/pages\/10","targetHints":{"allow":["GET"]}}],"collection":[{"href":"https:\/\/design-lin.com\/savourezmontreal\/wp-json\/wp\/v2\/pages"}],"about":[{"href":"https:\/\/design-lin.com\/savourezmontreal\/wp-json\/wp\/v2\/types\/page"}],"author":[{"embeddable":true,"href":"https:\/\/design-lin.com\/savourezmontreal\/wp-json\/wp\/v2\/users\/1"}],"replies":[{"embeddable":true,"href":"https:\/\/design-lin.com\/savourezmontreal\/wp-json\/wp\/v2\/comments?post=10"}],"version-history":[{"count":26,"href":"https:\/\/design-lin.com\/savourezmontreal\/wp-json\/wp\/v2\/pages\/10\/revisions"}],"predecessor-version":[{"id":471,"href":"https:\/\/design-lin.com\/savourezmontreal\/wp-json\/wp\/v2\/pages\/10\/revisions\/471"}],"wp:attachment":[{"href":"https:\/\/design-lin.com\/savourezmontreal\/wp-json\/wp\/v2\/media?parent=10"}],"curies":[{"name":"wp","href":"https:\/\/api.w.org\/{rel}","templated":true}]}}