{"id":104,"date":"2011-03-26T23:17:07","date_gmt":"2011-03-26T23:17:07","guid":{"rendered":"http:\/\/savourezmontreal.design-lin.com\/?page_id=104"},"modified":"2021-10-13T19:39:51","modified_gmt":"2021-10-13T19:39:51","slug":"equipe-multi-concept","status":"publish","type":"page","link":"https:\/\/design-lin.com\/savourezmontreal\/equipe-multi-concept\/","title":{"rendered":"\u00c9quipe Multi-Concept"},"content":{"rendered":"<p><a href=\"http:\/\/design-lin.com\/savourezmontreal\/wp-content\/uploads\/2011\/03\/bibi-noir-blanc.jpg\"><br \/>\n<\/a><img loading=\"lazy\" decoding=\"async\" class=\"size-full wp-image-105 alignleft\" title=\"Grace Lin, M.Arch. McGill\" src=\"http:\/\/design-lin.com\/savourezmontreal\/wp-content\/uploads\/2011\/03\/Grace.jpg\" alt=\"Grace Lin, M.Arch. McGill\" width=\"223\" height=\"309\" \/><span style=\"text-decoration: underline;\"><strong>Grace Lin<\/strong><\/span><\/p>\n<p><span style=\"color: #99cc00;\">M.Arch. McGill <em>(architecture)<\/em><\/span><\/p>\n<p><em>Apr\u00e8s avoir particip\u00e9 \u00e0 plusieurs projets de grande envergure chez <span style=\"color: #888888;\">Menk\u00e8s Shooner Dagenais LeTourneux Architectes<\/span>, Grace poursuit ses \u00e9tudes en ma\u00eetrise. Avec l\u2019objectif de devenir architecte, Grace r\u00e9pand son horizon au-del\u00e0 de la conceptualisation, cherchant \u00e0 \u00a0acqu\u00e9rir de l\u2019exp\u00e9rience professionnelle dans tous les phases de la construction. Passionn\u00e9 par le design, l\u2019art et l\u2019architecture; et sensible \u00e0 l\u2019environnent, elle esp\u00e8re b\u00e2tir une carri\u00e8re multidisciplinaire qui combine \u00a0tous ses passions.<\/em><\/p>\n<p>&nbsp;<\/p>\n<p>&nbsp;<\/p>\n<p>&nbsp;<\/p>\n<p><a href=\"http:\/\/design-lin.com\/savourezmontreal\/wp-content\/uploads\/2011\/03\/Profile-Pic_Mira.jpg\"><img loading=\"lazy\" decoding=\"async\" class=\"alignleft size-medium wp-image-275\" title=\"Mira\" src=\"http:\/\/design-lin.com\/savourezmontreal\/wp-content\/uploads\/2011\/03\/Profile-Pic_Mira-200x300.jpg\" alt=\"Mira\" width=\"204\" height=\"305\" srcset=\"https:\/\/design-lin.com\/savourezmontreal\/wp-content\/uploads\/2011\/03\/Profile-Pic_Mira-200x300.jpg 200w, https:\/\/design-lin.com\/savourezmontreal\/wp-content\/uploads\/2011\/03\/Profile-Pic_Mira-684x1024.jpg 684w, https:\/\/design-lin.com\/savourezmontreal\/wp-content\/uploads\/2011\/03\/Profile-Pic_Mira.jpg 1242w\" sizes=\"auto, (max-width: 204px) 100vw, 204px\" \/><\/a><span style=\"text-decoration: underline;\"> <strong> Mira Mui<\/strong><\/span><\/p>\n<p><span style=\"color: #99cc00;\">Bsc. Arch. McGill <em>(architecture)<\/em><\/span><\/p>\n<p><em>Guerri\u00e8re de la conservation du patrimoine avec un faible pour le design moderne, Mira vise \u00e0 synth\u00e9tiser pass\u00e9, pr\u00e9sent et futur dans ses projets \u00e0 venir. Partisane du d\u00e9v\u00e9loppement durable, elle sugg\u00e8re une int\u00e9gration sensible sans compromettre les valeurs culturelles de notre environnment b\u00e2ti pour redonner vie \u00e0 nos b\u00e2timents existants.<\/em><\/p>\n<p>&nbsp;<\/p>\n<p>&nbsp;<\/p>\n<p>&nbsp;<\/p>\n<p>&nbsp;<\/p>\n<p><a href=\"http:\/\/design-lin.com\/savourezmontreal\/wp-content\/uploads\/2011\/03\/Stephane.jpg\"><img loading=\"lazy\" decoding=\"async\" class=\"alignleft size-full wp-image-276\" title=\"Stephane\" src=\"http:\/\/design-lin.com\/savourezmontreal\/wp-content\/uploads\/2011\/03\/Stephane.jpg\" alt=\"Stephane\" width=\"201\" height=\"304\" \/><\/a> <span style=\"text-decoration: underline;\"><strong>St\u00e9phane Cormier<\/strong><\/span><\/p>\n<p><span style=\"color: #99cc00;\">Bac. Eng. ETS Mtl <em>(g\u00e9nie en construction)<\/em><\/span><\/p>\n<p>&nbsp;<\/p>\n<p>&nbsp;<\/p>\n<p>&nbsp;<\/p>\n<p>&nbsp;<\/p>\n<p>&nbsp;<\/p>\n<p>&nbsp;<\/p>\n<p>&nbsp;<\/p>\n<p><strong> <\/strong><em> <\/em><\/p>\n<p><a href=\"http:\/\/design-lin.com\/savourezmontreal\/wp-content\/uploads\/2011\/03\/bianka.jpg\"><img loading=\"lazy\" decoding=\"async\" class=\"alignleft size-large wp-image-346\" title=\"bianka\" src=\"http:\/\/design-lin.com\/savourezmontreal\/wp-content\/uploads\/2011\/03\/bianka-669x1024.jpg\" alt=\"\" width=\"201\" height=\"308\" srcset=\"https:\/\/design-lin.com\/savourezmontreal\/wp-content\/uploads\/2011\/03\/bianka-669x1024.jpg 669w, https:\/\/design-lin.com\/savourezmontreal\/wp-content\/uploads\/2011\/03\/bianka-196x300.jpg 196w, https:\/\/design-lin.com\/savourezmontreal\/wp-content\/uploads\/2011\/03\/bianka.jpg 1135w\" sizes=\"auto, (max-width: 201px) 100vw, 201px\" \/><\/a> <span style=\"text-decoration: underline;\"><strong>Bianka Bourgeois<\/strong><\/span><\/p>\n<p><span style=\"color: #99cc00;\">Bac. Eng. ETS Mtl <em>(g\u00e9nie en construction)<\/em><\/span><\/p>\n<p><em> <\/em><\/p>\n<p>&nbsp;<\/p>\n<p>&nbsp;<\/p>\n<p>&nbsp;<\/p>\n<p>&nbsp;<\/p>\n<p>&nbsp;<\/p>\n<p>&nbsp;<\/p>\n<p>&nbsp;<\/p>\n<p>&nbsp;<\/p>\n<p><a href=\"http:\/\/design-lin.com\/savourezmontreal\/wp-content\/uploads\/2011\/03\/noir-blanc-tristan1.jpg\"><img loading=\"lazy\" decoding=\"async\" class=\"alignleft size-large wp-image-341\" title=\"noir blanc tristan\" src=\"http:\/\/design-lin.com\/savourezmontreal\/wp-content\/uploads\/2011\/03\/noir-blanc-tristan1-969x1024.jpg\" alt=\"\" width=\"210\" height=\"220\" \/><\/a><span style=\"text-decoration: underline;\"><strong>Tristan Desjardins-Drouin<\/strong><\/span><\/p>\n<p><span style=\"color: #99cc00;\">Bac. Eng. ETS Mtl <em>(g\u00e9nie en construction)<\/em><\/span><\/p>\n<p><em>Tristan Desjardins Drouin a compl\u00e9t\u00e9 une technique en g\u00e9nie civil et  finis un baccalaur\u00e9at en g\u00e9nie de la construction. Passionn\u00e9 de  nouvelles technologies et des d\u00e9veloppements en b\u00e2timents durables, il  s&rsquo;oriente vers ce domaine prometteur.<\/em><\/p>\n<p>&nbsp;<\/p>\n<p>&nbsp;<\/p>\n<p>&nbsp;<\/p>\n<p><strong> <\/strong><span style=\"text-decoration: underline;\"><strong>Jean-Philippe Gagnon<\/strong><\/span> <span style=\"color: #99cc00;\"> <\/span><\/p>\n<p><span style=\"color: #99cc00;\"> Bac. Eng. ETS Mtl <em>(g\u00e9nie en m\u00e9canique)<\/em><\/span><\/p>\n<p>&nbsp;<\/p>\n<p>&nbsp;<\/p>\n<p>&nbsp;<\/p>\n<p><a href=\"http:\/\/design-lin.com\/savourezmontreal\/wp-content\/uploads\/2011\/03\/Karl.jpg\"> <\/a> <strong><img loading=\"lazy\" decoding=\"async\" class=\"size-medium wp-image-193 alignleft\" title=\"Karl\" src=\"http:\/\/design-lin.com\/savourezmontreal\/wp-content\/uploads\/2011\/03\/Karl-225x300.jpg\" alt=\"Karl\" width=\"207\" height=\"275\" srcset=\"https:\/\/design-lin.com\/savourezmontreal\/wp-content\/uploads\/2011\/03\/Karl-225x300.jpg 225w, https:\/\/design-lin.com\/savourezmontreal\/wp-content\/uploads\/2011\/03\/Karl-768x1024.jpg 768w\" sizes=\"auto, (max-width: 207px) 100vw, 207px\" \/><span style=\"text-decoration: underline;\">Karl Provost<\/span><\/strong><\/p>\n<p><span style=\"color: #99cc00;\">Bac. Eng. ETS Mtl <em>(g\u00e9nie en m\u00e9canique)<\/em><\/span><\/p>\n<p>&nbsp;<\/p>\n<p>&nbsp;<\/p>\n<p>&nbsp;<\/p>\n<p>&nbsp;<\/p>\n<p>&nbsp;<\/p>\n<p><em><br \/>\n<\/em><\/p>\n<p><strong><a href=\"http:\/\/design-lin.com\/savourezmontreal\/wp-content\/uploads\/2011\/03\/Jean-Christophe.jpg\"><img loading=\"lazy\" decoding=\"async\" class=\"size-medium wp-image-194 alignleft\" title=\"Jean-Christophe\" src=\"http:\/\/design-lin.com\/savourezmontreal\/wp-content\/uploads\/2011\/03\/Jean-Christophe-258x300.jpg\" alt=\"Jean-Christophe\" width=\"239\" height=\"275\" \/><\/a><span style=\"text-decoration: underline;\">Jean-Christophe Voyer<\/span><\/strong><\/p>\n<p><span style=\"color: #99cc00;\">Bac Eng. ETS Mtl <em>(g\u00e9nie en m\u00e9canique)<\/em><\/span><\/p>\n<p style=\"text-align: center;\">&nbsp;<\/p>\n","protected":false},"excerpt":{"rendered":"<p>Grace Lin M.Arch. McGill (architecture) Apr\u00e8s avoir particip\u00e9 \u00e0 plusieurs projets de grande envergure chez Menk\u00e8s Shooner Dagenais LeTourneux Architectes, Grace poursuit ses \u00e9tudes en ma\u00eetrise. Avec l\u2019objectif de devenir architecte, Grace r\u00e9pand son horizon au-del\u00e0 de la conceptualisation, cherchant &hellip; <a class=\"more-link\" href=\"https:\/\/design-lin.com\/savourezmontreal\/equipe-multi-concept\/\">Continuer la lecture <span class=\"meta-nav\">&rarr;<\/span><\/a><\/p>\n","protected":false},"author":1,"featured_media":0,"parent":0,"menu_order":60,"comment_status":"closed","ping_status":"open","template":"onecolumn-page.php","meta":{"_monsterinsights_skip_tracking":false,"_monsterinsights_sitenote_active":false,"_monsterinsights_sitenote_note":"","_monsterinsights_sitenote_category":0,"ngg_post_thumbnail":0,"footnotes":""},"class_list":["post-104","page","type-page","status-publish","hentry"],"aioseo_notices":[],"_links":{"self":[{"href":"https:\/\/design-lin.com\/savourezmontreal\/wp-json\/wp\/v2\/pages\/104","targetHints":{"allow":["GET"]}}],"collection":[{"href":"https:\/\/design-lin.com\/savourezmontreal\/wp-json\/wp\/v2\/pages"}],"about":[{"href":"https:\/\/design-lin.com\/savourezmontreal\/wp-json\/wp\/v2\/types\/page"}],"author":[{"embeddable":true,"href":"https:\/\/design-lin.com\/savourezmontreal\/wp-json\/wp\/v2\/users\/1"}],"replies":[{"embeddable":true,"href":"https:\/\/design-lin.com\/savourezmontreal\/wp-json\/wp\/v2\/comments?post=104"}],"version-history":[{"count":32,"href":"https:\/\/design-lin.com\/savourezmontreal\/wp-json\/wp\/v2\/pages\/104\/revisions"}],"predecessor-version":[{"id":489,"href":"https:\/\/design-lin.com\/savourezmontreal\/wp-json\/wp\/v2\/pages\/104\/revisions\/489"}],"wp:attachment":[{"href":"https:\/\/design-lin.com\/savourezmontreal\/wp-json\/wp\/v2\/media?parent=104"}],"curies":[{"name":"wp","href":"https:\/\/api.w.org\/{rel}","templated":true}]}}