{"id":147,"date":"2011-03-27T17:25:44","date_gmt":"2011-03-27T17:25:44","guid":{"rendered":"http:\/\/savourezmontreal.design-lin.com\/?page_id=147"},"modified":"2021-10-13T19:39:51","modified_gmt":"2021-10-13T19:39:51","slug":"presentation","status":"publish","type":"page","link":"https:\/\/design-lin.com\/savourezmontreal\/presentation\/","title":{"rendered":"Pr\u00e9sentation"},"content":{"rendered":"<p style=\"text-align: center;\"><strong>Voici la Pr\u00e9sentation Finale du projet \u00ab\u00a0<span style=\"text-decoration: underline;\">Savourez Montr\u00e9al<\/span>\u00a0\u00bb pr\u00e9sent\u00e9e par l&rsquo;\u00e9quipe <em>Multi-Concept<\/em><\/strong><\/p>\n<p><strong><a href=\"http:\/\/design-lin.com\/savourezmontreal\/wp-content\/Silo-5-Montreal-Presentation.pdf\">Cliquez ici<\/a> pour voir la pr\u00e9sentation au format PDF.<\/strong><\/p>\n<p style=\"text-align: center;\"><em>( Grace Lin, Mira Mui, Bianka Bourgeois, Tristan DesJardins Drouin, St\u00e9phane Cormier, Karl Provost, Jean-Phillippe Gagnon, Jean-Christophe Voyer) <\/em><\/p>\n<p style=\"text-align: center;\"><span style=\"color: #888888;\">le 7 avril 2010, \u00e0 la salle de conf\u00e9rence \u00e0 l&rsquo;\u00c9TS<\/span><\/p>\n<p>&nbsp;<br \/>\n<iframe loading=\"lazy\" title=\"YouTube video player\" width=\"853\" height=\"510\" src=\"http:\/\/www.youtube.com\/embed\/IDYovw-i1xo?rel=0\" frameborder=\"0\" allowfullscreen><\/iframe><\/p>\n","protected":false},"excerpt":{"rendered":"<p>Voici la Pr\u00e9sentation Finale du projet \u00ab\u00a0Savourez Montr\u00e9al\u00a0\u00bb pr\u00e9sent\u00e9e par l&rsquo;\u00e9quipe Multi-Concept Cliquez ici pour voir la pr\u00e9sentation au format PDF. ( Grace Lin, Mira Mui, Bianka Bourgeois, Tristan DesJardins Drouin, St\u00e9phane Cormier, Karl Provost, Jean-Phillippe Gagnon, Jean-Christophe Voyer) le &hellip; <a class=\"more-link\" href=\"https:\/\/design-lin.com\/savourezmontreal\/presentation\/\">Continuer la lecture <span class=\"meta-nav\">&rarr;<\/span><\/a><\/p>\n","protected":false},"author":1,"featured_media":0,"parent":0,"menu_order":70,"comment_status":"closed","ping_status":"open","template":"onecolumn-page.php","meta":{"_monsterinsights_skip_tracking":false,"_monsterinsights_sitenote_active":false,"_monsterinsights_sitenote_note":"","_monsterinsights_sitenote_category":0,"ngg_post_thumbnail":0,"footnotes":""},"class_list":["post-147","page","type-page","status-publish","hentry"],"aioseo_notices":[],"_links":{"self":[{"href":"https:\/\/design-lin.com\/savourezmontreal\/wp-json\/wp\/v2\/pages\/147","targetHints":{"allow":["GET"]}}],"collection":[{"href":"https:\/\/design-lin.com\/savourezmontreal\/wp-json\/wp\/v2\/pages"}],"about":[{"href":"https:\/\/design-lin.com\/savourezmontreal\/wp-json\/wp\/v2\/types\/page"}],"author":[{"embeddable":true,"href":"https:\/\/design-lin.com\/savourezmontreal\/wp-json\/wp\/v2\/users\/1"}],"replies":[{"embeddable":true,"href":"https:\/\/design-lin.com\/savourezmontreal\/wp-json\/wp\/v2\/comments?post=147"}],"version-history":[{"count":18,"href":"https:\/\/design-lin.com\/savourezmontreal\/wp-json\/wp\/v2\/pages\/147\/revisions"}],"predecessor-version":[{"id":467,"href":"https:\/\/design-lin.com\/savourezmontreal\/wp-json\/wp\/v2\/pages\/147\/revisions\/467"}],"wp:attachment":[{"href":"https:\/\/design-lin.com\/savourezmontreal\/wp-json\/wp\/v2\/media?parent=147"}],"curies":[{"name":"wp","href":"https:\/\/api.w.org\/{rel}","templated":true}]}}