{"id":2,"date":"2011-03-24T16:03:51","date_gmt":"2011-03-24T16:03:51","guid":{"rendered":"http:\/\/savourezmontreal.design-lin.com\/?page_id=2"},"modified":"2021-10-13T19:39:51","modified_gmt":"2021-10-13T19:39:51","slug":"infos","status":"publish","type":"page","link":"https:\/\/design-lin.com\/savourezmontreal\/infos\/","title":{"rendered":"Infos"},"content":{"rendered":"<p>Pour de plus amples informations sur les silos #5 \u00e0 Montr\u00e9al, visitez les sites suivants:<\/p>\n<ul>\n<li><a href=\"http:\/\/www.heritagemontreal.org\/fr\/le-silo-no-5\/\">H\u00e9ritage Montr\u00e9al &#8211; Silo No 5<\/a><\/li>\n<li><a href=\"http:\/\/www.heritagemontreal.org\/fr\/une-visite-exceptionnelle-de-la-pointe-du-moulin-et-du-silo-no-5\/\">Visitez la Pointe-du-Moulin et le Silo no 5<\/a><\/li>\n<li><a href=\"http:\/\/www.vieux.montreal.qc.ca\/plaque\/horizon\/port\/fra\/port_3.htm\">Ville de Montr\u00e9al &#8211; Les silos \u00e0 grain<\/a><\/li>\n<li>4ieme lien<\/li>\n<\/ul>\n<p>&nbsp;<\/p>\n<p>&nbsp;<\/p>\n<p>&nbsp;<\/p>\n<p>&nbsp;<\/p>\n","protected":false},"excerpt":{"rendered":"<p>Pour de plus amples informations sur les silos #5 \u00e0 Montr\u00e9al, visitez les sites suivants: H\u00e9ritage Montr\u00e9al &#8211; Silo No 5 Visitez la Pointe-du-Moulin et le Silo no 5 Ville de Montr\u00e9al &#8211; Les silos \u00e0 grain 4ieme lien &nbsp; &hellip; <a class=\"more-link\" href=\"https:\/\/design-lin.com\/savourezmontreal\/infos\/\">Continuer la lecture <span class=\"meta-nav\">&rarr;<\/span><\/a><\/p>\n","protected":false},"author":1,"featured_media":0,"parent":0,"menu_order":9999,"comment_status":"closed","ping_status":"open","template":"page-onecolumniframe.php","meta":{"_monsterinsights_skip_tracking":false,"_monsterinsights_sitenote_active":false,"_monsterinsights_sitenote_note":"","_monsterinsights_sitenote_category":0,"ngg_post_thumbnail":0,"footnotes":""},"class_list":["post-2","page","type-page","status-publish","hentry"],"aioseo_notices":[],"_links":{"self":[{"href":"https:\/\/design-lin.com\/savourezmontreal\/wp-json\/wp\/v2\/pages\/2","targetHints":{"allow":["GET"]}}],"collection":[{"href":"https:\/\/design-lin.com\/savourezmontreal\/wp-json\/wp\/v2\/pages"}],"about":[{"href":"https:\/\/design-lin.com\/savourezmontreal\/wp-json\/wp\/v2\/types\/page"}],"author":[{"embeddable":true,"href":"https:\/\/design-lin.com\/savourezmontreal\/wp-json\/wp\/v2\/users\/1"}],"replies":[{"embeddable":true,"href":"https:\/\/design-lin.com\/savourezmontreal\/wp-json\/wp\/v2\/comments?post=2"}],"version-history":[{"count":8,"href":"https:\/\/design-lin.com\/savourezmontreal\/wp-json\/wp\/v2\/pages\/2\/revisions"}],"predecessor-version":[{"id":490,"href":"https:\/\/design-lin.com\/savourezmontreal\/wp-json\/wp\/v2\/pages\/2\/revisions\/490"}],"wp:attachment":[{"href":"https:\/\/design-lin.com\/savourezmontreal\/wp-json\/wp\/v2\/media?parent=2"}],"curies":[{"name":"wp","href":"https:\/\/api.w.org\/{rel}","templated":true}]}}