{"id":213,"date":"2011-04-02T16:43:52","date_gmt":"2011-04-02T16:43:52","guid":{"rendered":"http:\/\/savourezmontreal.design-lin.com\/?page_id=213"},"modified":"2021-10-13T19:39:40","modified_gmt":"2021-10-13T19:39:40","slug":"agriculture-cycle-en-boucle","status":"publish","type":"page","link":"https:\/\/design-lin.com\/savourezmontreal\/agro-programme\/agriculture\/agriculture-cycle-en-boucle\/","title":{"rendered":"Cycle en boucle"},"content":{"rendered":"<address><span style=\"color: #008000;\"><strong>Agriculture; Cycle en boucle<\/strong><\/span><\/address>\n<address><a title=\"Pisciculture\" href=\"http:\/\/savourezmontreal.design-lin.com\/agro-programme\/agriculture\/agriculture-pisciculture\/\"><span style=\"text-decoration: underline; color: #008000;\">Pisciculture <\/span><\/a><\/address>\n<address><a title=\"Les aliments\" href=\"http:\/\/savourezmontreal.design-lin.com\/agro-programme\/agriculture\/lagriculture\/\"><span style=\"text-decoration: underline; color: #008000;\">Les aliments<\/span><\/a><\/address>\n<address>\u00a0<\/address>\n<h1 style=\"text-align: center;\">Cycle en boucle:<\/h1>\n<address style=\"padding-left: 30px;\">\u00a0<\/address>\n<p style=\"text-align: justify;\">Le principe de l&rsquo;agriculture en cycle est de filtrer l&rsquo;eau des bassins d&rsquo;\u00e9levage de poisson gr\u00e2ce au plante dans les silos d&rsquo;agriculture adjacents. Les d\u00e9chets des poissons contenu dans l&rsquo;eau serviront d&rsquo;engrais pour les plantes. De cette fa\u00e7on, beaucoup moins de produit chimique sont n\u00e9cessaire pour r\u00e9pondre aux besoins des plantes. Offrant ainsi la possibilit\u00e9 de produire des aliments biologiques plus facilement.<\/p>\n<p><strong>Un aliment biologique selon le <em>Gouvernement du Qu\u00e9bec\u00b9<\/em><\/strong><\/p>\n<p><em>La production et la transformation d&rsquo;aliments biologiques s&rsquo;appuient sur un ensemble de techniques qui excluent, notamment, le recours: <\/em><\/p>\n<ul>\n<li><em> aux pesticides et aux engrais chimiques de synth\u00e8se;<\/em><\/li>\n<li><em> aux organismes g\u00e9n\u00e9tiquement modifi\u00e9s (OGM); <\/em><\/li>\n<li><em>aux antibiotiques et aux hormones de croissance; <\/em><\/li>\n<li><em>\u00e0 l&rsquo;irradiation.<\/em><\/li>\n<\/ul>\n<p>C&rsquo;est un syst\u00e8me simple, voici rapidement comment \u00e7a fonctionne;<\/p>\n<ol>\n<li style=\"text-align: justify;\">L&rsquo;eau est aspirer vers un bac de sable.<\/li>\n<li style=\"text-align: justify;\">Le sable contient des bact\u00e9ries qui permette de transformer l&rsquo;azote produit par les poissons en nitrate et nitrites, l&rsquo;eau est donc nitrifier.<\/li>\n<li style=\"text-align: justify;\">L&rsquo;eau est acheminer aux plantes qui absorbe les nitrites et qui leur sert d&rsquo;engrais pour produire des aliments.<\/li>\n<li style=\"text-align: justify;\">L&rsquo;eau est ensuite retourner dans le bassin de poisson.<\/li>\n<\/ol>\n<p><span style=\"text-decoration: underline;\">Les images suivantes expliquent rapidement le proc\u00e9d\u00e9. <\/span><\/p>\nngg_shortcode_0_placeholder\n<p>&nbsp;<\/p>\n<p><strong>Voici un vid\u00e9o d&rsquo;un syst\u00e8me de filtration de l&rsquo;eau de poisson par les plantes qui nous a inspir\u00e9.<\/strong><\/p>\n<p><img loading=\"lazy\" decoding=\"async\" class=\"alignright\" title=\"Floating Garden\" src=\"http:\/\/c0573862.cdn.cloudfiles.rackspacecloud.com\/1\/0\/10245\/134837\/floating_garden_benjamin_graindorge_duende_studio_aquarium.jpg\" alt=\"\" width=\"337\" height=\"251\" \/><br \/>\n<object width=\"320\" height=\"256\" classid=\"clsid:d27cdb6e-ae6d-11cf-96b8-444553540000\" codebase=\"http:\/\/download.macromedia.com\/pub\/shockwave\/cabs\/flash\/swflash.cab#version=6,0,40,0\"><param name=\"src\" value=\"http:\/\/www.terre.tv\/player\/player46.swf\" \/><param name=\"allowscriptaccess\" value=\"always\" \/><param name=\"allowfullscreen\" value=\"true\" \/><param name=\"allownetworking\" value=\"all\" \/><param name=\"flashvars\" value=\"streamer=http:\/\/www.terre.tv\/flv\/xmoov.php&amp;file=http%3A%2F%2Fwww.terre.tv%2Fplayer%2Frelatedclips.php%3Flang%3Dfr%26id%3D2235&amp;controlbar=over&amp;skin=http:\/\/www.terre.tv\/player\/ttv_embed.swf&amp;autostart=false&amp;repeat=none&amp;start=0&amp;plugins=gapro-1,http:\/\/www.terre.tv\/player\/embed.swf?langue=fr,http:\/\/www.terre.tv\/player\/ova.swf&amp;config=http:\/\/www.terre.tv\/xml\/ttv_pub.xml&amp;eStatSendType=flash&amp;eStatSerial=271071203142&amp;eStatName=floating-garden&amp;eStatSection1=institutionnel&amp;eStatSection2=solutions-durables&amp;eStatSection3=fr&amp;eStatSection4=2009-06-30&amp;eStatSection5=02294&amp;eStatGenre=Autres\" \/><embed width=\"320\" height=\"256\" type=\"application\/x-shockwave-flash\" src=\"http:\/\/www.terre.tv\/player\/player46.swf\" allowscriptaccess=\"always\" allowfullscreen=\"true\" allownetworking=\"all\" flashvars=\"streamer=http:\/\/www.terre.tv\/flv\/xmoov.php&amp;file=http%3A%2F%2Fwww.terre.tv%2Fplayer%2Frelatedclips.php%3Flang%3Dfr%26id%3D2235&amp;controlbar=over&amp;skin=http:\/\/www.terre.tv\/player\/ttv_embed.swf&amp;autostart=false&amp;repeat=none&amp;start=0&amp;plugins=gapro-1,http:\/\/www.terre.tv\/player\/embed.swf?langue=fr,http:\/\/www.terre.tv\/player\/ova.swf&amp;config=http:\/\/www.terre.tv\/xml\/ttv_pub.xml&amp;eStatSendType=flash&amp;eStatSerial=271071203142&amp;eStatName=floating-garden&amp;eStatSection1=institutionnel&amp;eStatSection2=solutions-durables&amp;eStatSection3=fr&amp;eStatSection4=2009-06-30&amp;eStatSection5=02294&amp;eStatGenre=Autres\" \/><\/object><br \/>\n<a title=\"Gouvernement du Qu\u00e9bec\" href=\"http:\/\/www.formulaire.gouv.qc.ca\/cgi\/affiche_doc.cgi?dossier=172&amp;table=0\" target=\"_blank\" rel=\"noopener\">1. Gouvernement du Qu\u00e9bec; Agriculture Biologique <\/a><\/p>\n","protected":false},"excerpt":{"rendered":"<p>Agriculture; Cycle en boucle Pisciculture Les aliments \u00a0 Cycle en boucle: \u00a0 Le principe de l&rsquo;agriculture en cycle est de filtrer l&rsquo;eau des bassins d&rsquo;\u00e9levage de poisson gr\u00e2ce au plante dans les silos d&rsquo;agriculture adjacents. Les d\u00e9chets des poissons contenu &hellip; <a class=\"more-link\" href=\"https:\/\/design-lin.com\/savourezmontreal\/agro-programme\/agriculture\/agriculture-cycle-en-boucle\/\">Continuer la lecture <span class=\"meta-nav\">&rarr;<\/span><\/a><\/p>\n","protected":false},"author":1,"featured_media":0,"parent":26,"menu_order":1,"comment_status":"closed","ping_status":"open","template":"onecolumn-page.php","meta":{"_monsterinsights_skip_tracking":false,"_monsterinsights_sitenote_active":false,"_monsterinsights_sitenote_note":"","_monsterinsights_sitenote_category":0,"ngg_post_thumbnail":0,"footnotes":""},"class_list":["post-213","page","type-page","status-publish","hentry"],"aioseo_notices":[],"_links":{"self":[{"href":"https:\/\/design-lin.com\/savourezmontreal\/wp-json\/wp\/v2\/pages\/213","targetHints":{"allow":["GET"]}}],"collection":[{"href":"https:\/\/design-lin.com\/savourezmontreal\/wp-json\/wp\/v2\/pages"}],"about":[{"href":"https:\/\/design-lin.com\/savourezmontreal\/wp-json\/wp\/v2\/types\/page"}],"author":[{"embeddable":true,"href":"https:\/\/design-lin.com\/savourezmontreal\/wp-json\/wp\/v2\/users\/1"}],"replies":[{"embeddable":true,"href":"https:\/\/design-lin.com\/savourezmontreal\/wp-json\/wp\/v2\/comments?post=213"}],"version-history":[{"count":24,"href":"https:\/\/design-lin.com\/savourezmontreal\/wp-json\/wp\/v2\/pages\/213\/revisions"}],"predecessor-version":[{"id":475,"href":"https:\/\/design-lin.com\/savourezmontreal\/wp-json\/wp\/v2\/pages\/213\/revisions\/475"}],"up":[{"embeddable":true,"href":"https:\/\/design-lin.com\/savourezmontreal\/wp-json\/wp\/v2\/pages\/26"}],"wp:attachment":[{"href":"https:\/\/design-lin.com\/savourezmontreal\/wp-json\/wp\/v2\/media?parent=213"}],"curies":[{"name":"wp","href":"https:\/\/api.w.org\/{rel}","templated":true}]}}