{"id":224,"date":"2011-04-02T16:54:51","date_gmt":"2011-04-02T16:54:51","guid":{"rendered":"http:\/\/savourezmontreal.design-lin.com\/?page_id=224"},"modified":"2021-10-13T19:39:40","modified_gmt":"2021-10-13T19:39:40","slug":"lagriculture","status":"publish","type":"page","link":"https:\/\/design-lin.com\/savourezmontreal\/agro-programme\/agriculture\/lagriculture\/","title":{"rendered":"Les aliments"},"content":{"rendered":"<address><span style=\"color: #008000;\"><strong>Agriculture; Les aliments<\/strong><\/span><\/address>\n<address><a title=\"Cycle en boucle\" href=\"http:\/\/savourezmontreal.design-lin.com\/agro-programme\/agriculture\/agriculture-cycle-en-boucle\/\"><span style=\"text-decoration: underline; color: #008000;\">Cycle en boucle<\/span><\/a><\/address>\n<address><span style=\"color: #008000;\"><strong> <\/strong><\/span><a title=\"Pisciculture\" href=\"http:\/\/savourezmontreal.design-lin.com\/agro-programme\/agriculture\/agriculture-pisciculture\/\"><span style=\"color: #008000;\">Pisciculture<\/span><\/a><\/address>\n<address> <\/address>\n<address><span style=\"color: #008000;\"><strong><br \/>\n<\/strong><\/span><\/address>\n<p style=\"text-align: justify;\">Plusieurs type d&rsquo;agriculture est possible sur le site des silo #5. Entre autre, l&rsquo;agriculture en environnement contr\u00f4l\u00e9e, dans l&rsquo;ombre et ext\u00e9rieure.<\/p>\n<p style=\"text-align: justify;\">&nbsp;<\/p>\n<h2 style=\"text-align: justify;\"><strong><span style=\"text-decoration: underline;\">Environnement contr\u00f4l\u00e9e<\/span><\/strong><\/h2>\n<p style=\"text-align: justify;\">L&rsquo;agriculture en environnement contr\u00f4l\u00e9e permet de cultiver la majorit\u00e9 des aliments consomm\u00e9e par les qu\u00e9b\u00e9cois. La culture propos\u00e9 dans les silos \u00e0 environnement contr\u00f4l\u00e9e est li\u00e9e au bassin d&rsquo;\u00e9levage de poissons adjacent. L&rsquo;agriculture hydroponique est donc une options fort int\u00e9ressante dans ce cas. Cultiv\u00e9 dans des serres hydroponique augmente le rendement de la production qui est \u00e9valuer \u00e0 10 fois plus que la culture en terre. Si la productivit\u00e9 est augmenter cela pourrait permettre une perc\u00e9 int\u00e9ressante pour les aliments biologiques, et donc d&rsquo;inciter le march\u00e9 \u00e0 appliquer les principes de l&rsquo;agriculture biologiques ce qui favorisera les environnements agricole du Qu\u00e9bec. \u00c0 plus long terme l&rsquo;on peu croire que ce d\u00e9veloppement permettra de stabiliser et forc\u00e9ment de r\u00e9duire la valeur mon\u00e9taire de ces aliments dans la r\u00e9gion.<\/p>\n<p><a href=\"http:\/\/design-lin.com\/savourezmontreal\/wp-content\/uploads\/2011\/03\/Agriculture_Page_6.jpg\"><img loading=\"lazy\" decoding=\"async\" title=\"L\u2019agriculture contr\u00f4l\u00e9\" src=\"http:\/\/design-lin.com\/savourezmontreal\/wp-content\/uploads\/2011\/03\/Agriculture_Page_6.jpg\" alt=\"L\u2019agriculture contr\u00f4l\u00e9\" width=\"900\" height=\"605\" \/><\/a><\/p>\n<p>&nbsp;<\/p>\n<h2><strong><span style=\"text-decoration: underline;\">Dans l&rsquo;ombre<\/span><\/strong><\/h2>\n<p style=\"text-align: justify;\">Il est possible de cultiver plusieurs type de plantes dans l&rsquo;ombre, voir dans le noir. Nous proposons 4 silos d\u00e9dier \u00e0 ce type de culture. La culture des champignons semble tr\u00e8s int\u00e9ressante dans l&rsquo;environnement que les silos de b\u00e9tons proposent. Cette culture pr\u00e9sente un cycle de production moyen de 3 semaines. Il est donc facile de vari\u00e9 les esp\u00e8ces de champignon produit et de s&rsquo;adapter au besoin locaux.<\/p>\n<p><a href=\"http:\/\/design-lin.com\/savourezmontreal\/wp-content\/uploads\/2011\/03\/Agriculture_Page_7.jpg\"><img loading=\"lazy\" decoding=\"async\" title=\"L'agriculture dans l'ombre\" src=\"http:\/\/design-lin.com\/savourezmontreal\/wp-content\/uploads\/2011\/03\/Agriculture_Page_7.jpg\" alt=\"L'agriculture dans l'ombre\" width=\"960\" height=\"642\" \/><\/a><\/p>\n<p>&nbsp;<\/p>\n<h2><span style=\"text-decoration: underline;\"><strong>Ext\u00e9rieure<\/strong><\/span><\/h2>\n<p style=\"text-align: justify;\">L&rsquo;agriculture ext\u00e9rieure \u00e0 pour objectif principale d&rsquo;introduire les visiteurs au activit\u00e9 du site. En am\u00e9nageant l&rsquo;environnement avec des plantes que l&rsquo;on cultive, un circuit \u00e9ducatif pourra \u00eatre mis en place. Ce circuit culturel se reliant au parc verticale (l&rsquo;ajout de verre sur l&rsquo;immeuble en b\u00e9ton) permettra au gens de visit\u00e9 les installations et les espaces tout en apprenant sur le sujet. Cet approche transparente est tr\u00e8s int\u00e9ressante socialement pour Montr\u00e9al.<\/p>\n<p><a href=\"http:\/\/design-lin.com\/savourezmontreal\/wp-content\/uploads\/2011\/03\/Agriculture_Page_8.jpg\"><img loading=\"lazy\" decoding=\"async\" title=\"L'agriculture en bac\" src=\"http:\/\/design-lin.com\/savourezmontreal\/wp-content\/uploads\/2011\/03\/Agriculture_Page_8.jpg\" alt=\"L'agriculture en bac\" width=\"960\" height=\"642\" \/><\/a><\/p>\n<p>&nbsp;<\/p>\n","protected":false},"excerpt":{"rendered":"<p>Agriculture; Les aliments Cycle en boucle Pisciculture Plusieurs type d&rsquo;agriculture est possible sur le site des silo #5. Entre autre, l&rsquo;agriculture en environnement contr\u00f4l\u00e9e, dans l&rsquo;ombre et ext\u00e9rieure. &nbsp; Environnement contr\u00f4l\u00e9e L&rsquo;agriculture en environnement contr\u00f4l\u00e9e permet de cultiver la majorit\u00e9 &hellip; <a class=\"more-link\" href=\"https:\/\/design-lin.com\/savourezmontreal\/agro-programme\/agriculture\/lagriculture\/\">Continuer la lecture <span class=\"meta-nav\">&rarr;<\/span><\/a><\/p>\n","protected":false},"author":1,"featured_media":0,"parent":26,"menu_order":3,"comment_status":"closed","ping_status":"open","template":"onecolumn-page.php","meta":{"_monsterinsights_skip_tracking":false,"_monsterinsights_sitenote_active":false,"_monsterinsights_sitenote_note":"","_monsterinsights_sitenote_category":0,"ngg_post_thumbnail":0,"footnotes":""},"class_list":["post-224","page","type-page","status-publish","hentry"],"aioseo_notices":[],"_links":{"self":[{"href":"https:\/\/design-lin.com\/savourezmontreal\/wp-json\/wp\/v2\/pages\/224","targetHints":{"allow":["GET"]}}],"collection":[{"href":"https:\/\/design-lin.com\/savourezmontreal\/wp-json\/wp\/v2\/pages"}],"about":[{"href":"https:\/\/design-lin.com\/savourezmontreal\/wp-json\/wp\/v2\/types\/page"}],"author":[{"embeddable":true,"href":"https:\/\/design-lin.com\/savourezmontreal\/wp-json\/wp\/v2\/users\/1"}],"replies":[{"embeddable":true,"href":"https:\/\/design-lin.com\/savourezmontreal\/wp-json\/wp\/v2\/comments?post=224"}],"version-history":[{"count":17,"href":"https:\/\/design-lin.com\/savourezmontreal\/wp-json\/wp\/v2\/pages\/224\/revisions"}],"predecessor-version":[{"id":476,"href":"https:\/\/design-lin.com\/savourezmontreal\/wp-json\/wp\/v2\/pages\/224\/revisions\/476"}],"up":[{"embeddable":true,"href":"https:\/\/design-lin.com\/savourezmontreal\/wp-json\/wp\/v2\/pages\/26"}],"wp:attachment":[{"href":"https:\/\/design-lin.com\/savourezmontreal\/wp-json\/wp\/v2\/media?parent=224"}],"curies":[{"name":"wp","href":"https:\/\/api.w.org\/{rel}","templated":true}]}}