{"id":306,"date":"2011-04-04T02:10:55","date_gmt":"2011-04-04T02:10:55","guid":{"rendered":"http:\/\/savourezmontreal.design-lin.com\/?page_id=306"},"modified":"2021-10-13T19:39:40","modified_gmt":"2021-10-13T19:39:40","slug":"structure","status":"publish","type":"page","link":"https:\/\/design-lin.com\/savourezmontreal\/construction\/structure\/","title":{"rendered":"Structure"},"content":{"rendered":"<p><a href=\"http:\/\/design-lin.com\/savourezmontreal\/wp-content\/uploads\/2011\/04\/Structure.jpg\"><img loading=\"lazy\" decoding=\"async\" class=\"alignnone size-full wp-image-307\" title=\"Structure\" src=\"http:\/\/design-lin.com\/savourezmontreal\/wp-content\/uploads\/2011\/04\/Structure.jpg\" alt=\"Structure\" width=\"716\" height=\"430\" srcset=\"https:\/\/design-lin.com\/savourezmontreal\/wp-content\/uploads\/2011\/04\/Structure.jpg 716w, https:\/\/design-lin.com\/savourezmontreal\/wp-content\/uploads\/2011\/04\/Structure-300x180.jpg 300w\" sizes=\"auto, (max-width: 716px) 100vw, 716px\" \/><\/a><\/p>\n<p><strong>Structure de la \u00ab\u00a0Promenade Verte\u00a0\u00bb<\/strong><\/p>\n<p>La strat\u00e9gie privil\u00e9gi\u00e9e est d&rsquo;ancrer la \u00ab\u00a0Promenade Verte\u00a0\u00bb en porte-\u00e0-faux sur la structure existante en b\u00e9ton. En r\u00e9alisant de petites ouvertures aux endroits strat\u00e9giques, il sera possible d&rsquo;installer des poutrelles en acier qui assureront la r\u00e9sistance de la \u00ab\u00a0Promenade Verte\u00a0\u00bb. Gr\u00e2ce \u00e0 la r\u00e9sistance des colonnes en b\u00e9ton actuelles et l&rsquo;installation de poutrelles sur toute la largeur du silo, il est possible d&rsquo;aller chercher environ 6m de largeur pour la Promenade. Le fait de pouvoir s&rsquo;ancrer au sol avec le d\u00e9but de la Promenade, la possibilit\u00e9 d&rsquo;avoir des soutiens au toit et la r\u00e9sistance des colonnes en b\u00e9ton permettront de construire la \u00ab\u00a0Promenade Verte\u00a0\u00bb.<\/p>\n<p>Dans le cas que cette option ne soit pas r\u00e9alisable suite \u00e0 des \u00e9tudes structurelles, il est parfaitement possible de r\u00e9aliser la \u00a0\u00a0\u00bb Promenade Verte \u00a0\u00bb en installant des pieux de soutien sous celle-ci. Ceux-ci pourraient \u00eatre esth\u00e9tiquement beaux s&rsquo;ils sont bien int\u00e9gr\u00e9s \u00e0 la \u00ab\u00a0Promenade Verte\u00a0\u00bb.<\/p>\n<p><strong>Structure int\u00e9rieure<\/strong><\/p>\n<p><span style=\"color: #000000;\">\u00c0 l&rsquo;int\u00e9rieur, o\u00f9 il est n\u00e9cessaire de mettre en place des planchers, deux types seront propos\u00e9s selon l&rsquo;usage.<\/span><\/p>\n<p><span style=\"color: #000000;\">Premi\u00e8rement, des planchers permanents faits avec des poutrelles d&rsquo;acier et dalles de b\u00e9ton seront pr\u00e9f\u00e9rables dans les usages requ\u00e9rant une capacit\u00e9 portante \u00e9lev\u00e9e et une insonorisation sup\u00e9rieure. <\/span><\/p>\n<p><span style=\"color: #000000;\">Deuxi\u00e8mement, pour des usages plus industriels tels que l&rsquo;agriculture, une structure l\u00e9g\u00e8re grillag\u00e9e sera pr\u00e9f\u00e9rable, car elle est simple \u00e0 installer, modulable, polyvalente et peu dispendieuse. <\/span><\/p>\n<p><span style=\"color: #000000;\">Les planchers et la structure seront con\u00e7us selon les usages pr\u00e9vus dans chaque zone des b\u00e2timents.<\/span><\/p>\n<div><strong><br \/>\n<\/strong><\/div>\n<p>&nbsp;<\/p>\n<p>&nbsp;<\/p>\n","protected":false},"excerpt":{"rendered":"<p>Structure de la \u00ab\u00a0Promenade Verte\u00a0\u00bb La strat\u00e9gie privil\u00e9gi\u00e9e est d&rsquo;ancrer la \u00ab\u00a0Promenade Verte\u00a0\u00bb en porte-\u00e0-faux sur la structure existante en b\u00e9ton. En r\u00e9alisant de petites ouvertures aux endroits strat\u00e9giques, il sera possible d&rsquo;installer des poutrelles en acier qui assureront la &hellip; <a class=\"more-link\" href=\"https:\/\/design-lin.com\/savourezmontreal\/construction\/structure\/\">Continuer la lecture <span class=\"meta-nav\">&rarr;<\/span><\/a><\/p>\n","protected":false},"author":1,"featured_media":0,"parent":49,"menu_order":0,"comment_status":"closed","ping_status":"open","template":"onecolumn-page.php","meta":{"_monsterinsights_skip_tracking":false,"_monsterinsights_sitenote_active":false,"_monsterinsights_sitenote_note":"","_monsterinsights_sitenote_category":0,"ngg_post_thumbnail":0,"footnotes":""},"class_list":["post-306","page","type-page","status-publish","hentry"],"aioseo_notices":[],"_links":{"self":[{"href":"https:\/\/design-lin.com\/savourezmontreal\/wp-json\/wp\/v2\/pages\/306","targetHints":{"allow":["GET"]}}],"collection":[{"href":"https:\/\/design-lin.com\/savourezmontreal\/wp-json\/wp\/v2\/pages"}],"about":[{"href":"https:\/\/design-lin.com\/savourezmontreal\/wp-json\/wp\/v2\/types\/page"}],"author":[{"embeddable":true,"href":"https:\/\/design-lin.com\/savourezmontreal\/wp-json\/wp\/v2\/users\/1"}],"replies":[{"embeddable":true,"href":"https:\/\/design-lin.com\/savourezmontreal\/wp-json\/wp\/v2\/comments?post=306"}],"version-history":[{"count":7,"href":"https:\/\/design-lin.com\/savourezmontreal\/wp-json\/wp\/v2\/pages\/306\/revisions"}],"predecessor-version":[{"id":483,"href":"https:\/\/design-lin.com\/savourezmontreal\/wp-json\/wp\/v2\/pages\/306\/revisions\/483"}],"up":[{"embeddable":true,"href":"https:\/\/design-lin.com\/savourezmontreal\/wp-json\/wp\/v2\/pages\/49"}],"wp:attachment":[{"href":"https:\/\/design-lin.com\/savourezmontreal\/wp-json\/wp\/v2\/media?parent=306"}],"curies":[{"name":"wp","href":"https:\/\/api.w.org\/{rel}","templated":true}]}}