{"id":322,"date":"2011-04-07T00:46:58","date_gmt":"2011-04-07T00:46:58","guid":{"rendered":"http:\/\/savourezmontreal.design-lin.com\/?page_id=322"},"modified":"2021-10-13T19:39:40","modified_gmt":"2021-10-13T19:39:40","slug":"silos-de-composte","status":"publish","type":"page","link":"https:\/\/design-lin.com\/savourezmontreal\/mecanique\/silos-de-composte\/","title":{"rendered":"Silos de compost"},"content":{"rendered":"<p><em>**  Toutes les donn\u00e9es ayant servi pour le calcul d&rsquo;\u00e9nergie g\u00e9n\u00e9r\u00e9e par le  compost ont \u00e9t\u00e9 prises dans l&rsquo;\u00e9tude r\u00e9alis\u00e9 par l&rsquo;Universit\u00e9  d&rsquo;Edinburgh. Cette \u00e9tude est disponible par le biais de ce lien :<\/em><\/p>\n<p><em> <a href=\"http:\/\/www.hindawi.com\/journals\/ijce\/2010\/627930\/\">Energy from Waste: Reuse of Compost Heat as a Source of Renewable Energy<\/a><\/em><\/p>\n<p><em>_________________________________________________________________________<br \/>\n<\/em><\/p>\n<p style=\"text-align: justify;\">Plusieurs raisons nous ont pouss\u00e9s \u00e0 choisir le compost comme source d\u2019\u00e9nergie alternative en voici quelques-unes\u00a0:<\/p>\n<p style=\"text-align: justify;\">\u2022 Le Qu\u00e9bec veut le rendre obligatoire et pr\u00e9voit des subventions de l\u2019ordre de 150 M $ d\u2019ici 2014 afin de r\u00e9duire la quantit\u00e9 de d\u00e9chet g\u00e9n\u00e9r\u00e9 par les villes.<\/p>\n<p style=\"text-align: justify;\">\u2022 G\u00e9n\u00e9ration de chaleur pour r\u00e9pondre aux besoins pour chauffer l\u2019eau chaude domestique des b\u00e2timents selon l\u2019installation.<\/p>\n<p style=\"text-align: justify;\">\u2022 Possibilit\u00e9 de revendre ou de r\u00e9utiliser pour la culture la terre noire g\u00e9n\u00e9r\u00e9e par le compost<\/p>\n<p style=\"text-align: justify;\">\u2022 Co\u00fbt du kWh pouvant rivaliser avec les panneaux solaires et le g\u00e9othermique<\/p>\n<h4 style=\"text-align: justify;\"><span style=\"color: #008000;\"><strong>Fonctionnement<\/strong><\/span><\/h4>\n<p style=\"text-align: justify;\">Voici le sch\u00e9ma simplifi\u00e9 du fonctionnement et de la ventilation pour les silos de composte.<a href=\"http:\/\/design-lin.com\/savourezmontreal\/wp-content\/uploads\/2011\/04\/composte.png\"><img loading=\"lazy\" decoding=\"async\" class=\"size-full wp-image-325 aligncenter\" title=\"composte\" src=\"http:\/\/design-lin.com\/savourezmontreal\/wp-content\/uploads\/2011\/04\/composte.png\" alt=\"\" width=\"434\" height=\"418\" srcset=\"https:\/\/design-lin.com\/savourezmontreal\/wp-content\/uploads\/2011\/04\/composte.png 434w, https:\/\/design-lin.com\/savourezmontreal\/wp-content\/uploads\/2011\/04\/composte-300x288.png 300w\" sizes=\"auto, (max-width: 434px) 100vw, 434px\" \/><\/a><\/p>\n<p style=\"text-align: center;\"><em>Figure 2: Sch\u00e9ma simplifi\u00e9 du processus de compost et de la ventilation<\/em><\/p>\n<h4 style=\"text-align: justify;\"><span style=\"color: #008000;\"><strong><br \/>\n<\/strong><\/span><\/h4>\n<p style=\"text-align: justify;\">Le silo de compost est s\u00e9par\u00e9 en 4 sections distinctes\u00a0:<\/p>\n<p style=\"text-align: justify;\">\u2022 1<sup>er<\/sup> section du haut pour le m\u00e9lange\u00a0: \u00c9tape pour lequel toutes les mati\u00e8res compostables sont m\u00e9lang\u00e9es et a\u00e9r\u00e9e durant une p\u00e9riode 7 jours.<\/p>\n<p style=\"text-align: justify;\">\u2022\u00a0 2<sup>e<\/sup> section pour la digestion\u00a0: \u00c9tape pour lequel la mati\u00e8re sera a\u00e9r\u00e9e en digestion durant environ 14 jours.<\/p>\n<p style=\"text-align: justify;\">\u2022 3<sup>e<\/sup> section pour la maturation\u00a0: \u00c9tape de maturation durant 1 \u00e0 3 jours qui sert de transition avant l\u2019entreposage.<\/p>\n<p style=\"text-align: justify;\">\u2022 4<sup>e<\/sup> section\u00a0: Contenant d\u2019entreposage pour le compost compos\u00e9 essentiellement de terre. Il sera r\u00e9cup\u00e9r\u00e9 pour \u00eatre r\u00e9utilis\u00e9 pour l\u2019agriculture ou pour faire des sacs de terre noire.<\/p>\n<p style=\"text-align: justify;\">Une partie des mati\u00e8res compostables sera fournit par la restauration, le march\u00e9 et l\u2019acad\u00e9mie culinaire.<\/p>\n<h4 style=\"text-align: justify;\"><span style=\"color: #008000;\"><strong>Ventilation<\/strong><\/span><\/h4>\n<p style=\"text-align: justify;\">Une ventilation constante est n\u00e9cessaire afin d\u2019acc\u00e9l\u00e9rer le processus de compostage. Elle sera fait en circuit ferm\u00e9 afin de mieux contr\u00f4ler les odeurs. Des bio-filtres sont n\u00e9cessaires afin de diminuer la quantit\u00e9 de gaz d\u00e9gag\u00e9e par le compost. \u00a0La tuyauterie est positionn\u00e9e \u00e0 la base des sections 1 et 2 afin de permettre une circulation continue de bas en haut. La chaleur est r\u00e9cup\u00e9rer par un serpentin dans les 3 premi\u00e8res sections et un \u00e9changeur de chaleur.<\/p>\n<p style=\"text-align: justify;\">&nbsp;<\/p>\n<h4 style=\"text-align: justify;\"><span style=\"color: #008000;\"><strong>Table de donn\u00e9es<\/strong><\/span><\/h4>\n<p style=\"text-align: justify;\">Les donn\u00e9es se basent sur l\u2019\u00e9tude \u2018\u2019Energy from waste\u2019\u2019 qui sera rajout\u00e9 en r\u00e9f\u00e9rence.<\/p>\n<p style=\"text-align: center;\"><em>Tableau 1 : Tableau des r\u00e9sultats sur le composte et l&rsquo;eau domestique<\/em><\/p>\n<p><a href=\"http:\/\/design-lin.com\/savourezmontreal\/wp-content\/uploads\/2011\/04\/tableau-composte.png\"><img loading=\"lazy\" decoding=\"async\" class=\"size-full wp-image-326 aligncenter\" title=\"tableau composte\" src=\"http:\/\/design-lin.com\/savourezmontreal\/wp-content\/uploads\/2011\/04\/tableau-composte.png\" alt=\"\" width=\"629\" height=\"772\" srcset=\"https:\/\/design-lin.com\/savourezmontreal\/wp-content\/uploads\/2011\/04\/tableau-composte.png 462w, https:\/\/design-lin.com\/savourezmontreal\/wp-content\/uploads\/2011\/04\/tableau-composte-244x300.png 244w\" sizes=\"auto, (max-width: 629px) 100vw, 629px\" \/><\/a><\/p>\n<h4 style=\"text-align: justify;\"><strong><span style=\"color: #008000;\">Donn\u00e9es principales et r\u00e9sultats<\/span><\/strong><\/h4>\n<p style=\"text-align: justify;\">\u2022 Temp\u00e9rature de la sortie d\u2019eau du compost pouvant atteindre 70\u02daC **<\/p>\n<p style=\"text-align: justify;\">\u2022 Volume de 525 m<sup>3<\/sup> de compost r\u00e9parti dans 5 silos<\/p>\n<p style=\"text-align: justify;\">\u2022 Puissance r\u00e9cup\u00e9r\u00e9e par le compost estim\u00e9e \u00e0 620 kW<\/p>\n<p style=\"text-align: justify;\">\u2022 Consommation annuelle d\u2019eau domestique estim\u00e9e \u00e0 environ 180\u00a0000 litres\/jours selon\u00a0 le \u00ab\u00a0ASHRAE APPLICATIONS HANDBOOK 2003\u00a0\u00bb.<\/p>\n<p style=\"text-align: justify;\">\u2022 Consommation annuelle estim\u00e9e \u00e0 2.4 *10<sup>9<\/sup> kWh avec une utilisation de 60% de la consommation maximale<\/p>\n<p style=\"text-align: justify;\">\u2022 \u00c9nergie produit annuel par le composte \u00e0 5.4 *10<sup>9<\/sup> kWh avec une efficacit\u00e9 de 30%<\/p>\n<p style=\"text-align: justify;\">\u2022 Une chaudi\u00e8re d\u2019appoint sera n\u00e9cessaire pour fournir de l\u2019eau chaude lors des p\u00e9riodes de maintenance et de transition<\/p>\n<p style=\"text-align: justify;\">&nbsp;<\/p>\n<p>&nbsp;<\/p>\n<p style=\"text-align: justify;\">&nbsp;<\/p>\n<p style=\"text-align: justify;\"><img decoding=\"async\" src=\"file:\/\/\/C:\/Users\/Bianka\/AppData\/Local\/Temp\/moz-screenshot-1.png\" alt=\"\" \/><\/p>\n","protected":false},"excerpt":{"rendered":"<p>** Toutes les donn\u00e9es ayant servi pour le calcul d&rsquo;\u00e9nergie g\u00e9n\u00e9r\u00e9e par le compost ont \u00e9t\u00e9 prises dans l&rsquo;\u00e9tude r\u00e9alis\u00e9 par l&rsquo;Universit\u00e9 d&rsquo;Edinburgh. Cette \u00e9tude est disponible par le biais de ce lien : Energy from Waste: Reuse of Compost &hellip; <a class=\"more-link\" href=\"https:\/\/design-lin.com\/savourezmontreal\/mecanique\/silos-de-composte\/\">Continuer la lecture <span class=\"meta-nav\">&rarr;<\/span><\/a><\/p>\n","protected":false},"author":1,"featured_media":0,"parent":53,"menu_order":0,"comment_status":"closed","ping_status":"open","template":"onecolumn-page.php","meta":{"_monsterinsights_skip_tracking":false,"_monsterinsights_sitenote_active":false,"_monsterinsights_sitenote_note":"","_monsterinsights_sitenote_category":0,"ngg_post_thumbnail":0,"footnotes":""},"class_list":["post-322","page","type-page","status-publish","hentry"],"aioseo_notices":[],"_links":{"self":[{"href":"https:\/\/design-lin.com\/savourezmontreal\/wp-json\/wp\/v2\/pages\/322","targetHints":{"allow":["GET"]}}],"collection":[{"href":"https:\/\/design-lin.com\/savourezmontreal\/wp-json\/wp\/v2\/pages"}],"about":[{"href":"https:\/\/design-lin.com\/savourezmontreal\/wp-json\/wp\/v2\/types\/page"}],"author":[{"embeddable":true,"href":"https:\/\/design-lin.com\/savourezmontreal\/wp-json\/wp\/v2\/users\/1"}],"replies":[{"embeddable":true,"href":"https:\/\/design-lin.com\/savourezmontreal\/wp-json\/wp\/v2\/comments?post=322"}],"version-history":[{"count":12,"href":"https:\/\/design-lin.com\/savourezmontreal\/wp-json\/wp\/v2\/pages\/322\/revisions"}],"predecessor-version":[{"id":487,"href":"https:\/\/design-lin.com\/savourezmontreal\/wp-json\/wp\/v2\/pages\/322\/revisions\/487"}],"up":[{"embeddable":true,"href":"https:\/\/design-lin.com\/savourezmontreal\/wp-json\/wp\/v2\/pages\/53"}],"wp:attachment":[{"href":"https:\/\/design-lin.com\/savourezmontreal\/wp-json\/wp\/v2\/media?parent=322"}],"curies":[{"name":"wp","href":"https:\/\/api.w.org\/{rel}","templated":true}]}}