{"id":373,"date":"2011-04-08T18:54:28","date_gmt":"2011-04-08T18:54:28","guid":{"rendered":"http:\/\/savourezmontreal.design-lin.com\/?page_id=373"},"modified":"2021-10-13T19:39:40","modified_gmt":"2021-10-13T19:39:40","slug":"calcul-de-la-consommation-et-bilan-denergie","status":"publish","type":"page","link":"https:\/\/design-lin.com\/savourezmontreal\/mecanique\/calcul-de-la-consommation-et-bilan-denergie\/","title":{"rendered":"Calcul de la consommation et Bilan d&rsquo;\u00e9nergie"},"content":{"rendered":"<h3><span style=\"color: #008000;\"><strong>R\u00e9sum\u00e9 des consommations et des productions d\u2019\u00e9nergies<\/strong><\/span><\/h3>\n<p>&nbsp;<\/p>\n<p>Le tableau suivant donne le r\u00e9sultat des calculs effectu\u00e9s tout au  long du travail. On peut y voir les demandes d\u2019\u00e9nergie ainsi que la  production faite par les diff\u00e9rents syst\u00e8mes.<\/p>\n<p><a href=\"http:\/\/design-lin.com\/savourezmontreal\/wp-content\/uploads\/2011\/04\/TabResumConsom.bmp\"><img decoding=\"async\" title=\"TabResumConsom\" src=\"http:\/\/design-lin.com\/savourezmontreal\/wp-content\/uploads\/2011\/04\/TabResumConsom.bmp\" alt=\"\" \/><\/a><\/p>\n<p>Voici graphiquement le r\u00e9sultat de la consommation d&rsquo;\u00e9nergie:<\/p>\n<p><a href=\"http:\/\/design-lin.com\/savourezmontreal\/wp-content\/uploads\/2011\/03\/bilan.jpg\"><img loading=\"lazy\" decoding=\"async\" title=\"Bilan \" src=\"http:\/\/design-lin.com\/savourezmontreal\/wp-content\/uploads\/2011\/03\/bilan.jpg\" alt=\"Bilan\" width=\"646\" height=\"653\" \/><\/a><\/p>\n<p>Comme on peut voir, nos syst\u00e8mes r\u00e9pondent \u00e0 tous les besoins en   chauffage ainsi que ceux pour l\u2019eau domestique. Cependant, pour ce qui   est du refroidissement, le syst\u00e8me d\u2019accumulateur \u00e0 glace pourrait \u00eatre   utilis\u00e9 pour diminuer les pointes durant l\u2019\u00e9t\u00e9.<\/p>\n<p>&nbsp;<\/p>\n<p>&nbsp;<\/p>\n<h3><span style=\"color: #008000;\"><strong>Zonage et m\u00e9thode. <\/strong><\/span><\/h3>\n<h4><span style=\"color: #008000;\"><strong>B\u00e2timent en princip<\/strong><strong>al<\/strong><\/span><\/h4>\n<p>Les calculs de la consommation des b\u00e2timents ont \u00e9t\u00e9 effectu\u00e9s \u00e0 l\u2019aide du logiciel <em><span style=\"text-decoration: underline;\">EE4F<\/span>. <\/em>Pour ce faire, chacun des b\u00e2timents a \u00e9t\u00e9 divis\u00e9 en diff\u00e9rentes zones. Le zonage typique utilis\u00e9 pour le b\u00e2timent principal est montr\u00e9 \u00e0 la figure suivante.<\/p>\n<p><a href=\"http:\/\/design-lin.com\/savourezmontreal\/wp-content\/uploads\/2011\/04\/image2.jpg\"><img loading=\"lazy\" decoding=\"async\" class=\"aligncenter size-large wp-image-375\" title=\"image2\" src=\"http:\/\/design-lin.com\/savourezmontreal\/wp-content\/uploads\/2011\/04\/image2-1024x508.jpg\" alt=\"\" width=\"640\" height=\"317\" srcset=\"https:\/\/design-lin.com\/savourezmontreal\/wp-content\/uploads\/2011\/04\/image2-1024x508.jpg 1024w, https:\/\/design-lin.com\/savourezmontreal\/wp-content\/uploads\/2011\/04\/image2-300x148.jpg 300w, https:\/\/design-lin.com\/savourezmontreal\/wp-content\/uploads\/2011\/04\/image2.jpg 1447w\" sizes=\"auto, (max-width: 640px) 100vw, 640px\" \/><\/a><\/p>\n<p>\u00c9tant donn\u00e9 la complexit\u00e9 de ce b\u00e2timent, les calculs ont \u00e9t\u00e9 faits pour trois diff\u00e9rents syst\u00e8mes\u00a0:<\/p>\n<ol>\n<li>Le syst\u00e8me 1 correspond \u00e0 tout le dernier \u00e9tage de la mezzanine de m\u00eame que les \u00e9tages sup\u00e9rieurs situ\u00e9s au sud du b\u00e2timent.<\/li>\n<li>Le syst\u00e8me 2 comprend l\u2019\u00e9tage du rez-de-chauss\u00e9e ainsi que les \u00e9tages situ\u00e9s au sud.<\/li>\n<li> Le syst\u00e8me 3 comprend seulement le premier \u00e9tage de la mezzanine.<\/li>\n<\/ol>\n<p style=\"text-align: center;\"><a href=\"http:\/\/design-lin.com\/savourezmontreal\/wp-content\/uploads\/2011\/04\/Image1.jpg\"><img loading=\"lazy\" decoding=\"async\" class=\"aligncenter size-large wp-image-379\" title=\"Image1\" src=\"http:\/\/design-lin.com\/savourezmontreal\/wp-content\/uploads\/2011\/04\/Image1-1024x363.jpg\" alt=\"\" width=\"640\" height=\"226\" srcset=\"https:\/\/design-lin.com\/savourezmontreal\/wp-content\/uploads\/2011\/04\/Image1-1024x363.jpg 1024w, https:\/\/design-lin.com\/savourezmontreal\/wp-content\/uploads\/2011\/04\/Image1-300x106.jpg 300w, https:\/\/design-lin.com\/savourezmontreal\/wp-content\/uploads\/2011\/04\/Image1.jpg 1477w\" sizes=\"auto, (max-width: 640px) 100vw, 640px\" \/><\/a><\/p>\n<p>&nbsp;<\/p>\n<p>Une simulation diff\u00e9rente a \u00e9t\u00e9 ex\u00e9cut\u00e9e pour calculer les charges de la partie des silos en b\u00e9ton, car il s\u2019agit d\u2019une occupation sp\u00e9ciale dans une construction sp\u00e9ciale.<\/p>\n<p>Le r\u00e9sum\u00e9 des calculs pour les diff\u00e9rents syst\u00e8mes est pr\u00e9sent\u00e9 ci-dessous.<a href=\"http:\/\/design-lin.com\/savourezmontreal\/wp-content\/uploads\/2011\/04\/Tab2.bmp\"><br \/>\n<\/a><\/p>\n<p>Calcul pour les syst\u00e8mes\u00a01 \u00e0 3\u00a0:<\/p>\n<p><a href=\"http:\/\/design-lin.com\/savourezmontreal\/wp-content\/uploads\/2011\/04\/Tab1.bmp\"><img decoding=\"async\" class=\"aligncenter size-full wp-image-381\" title=\"Tab1\" src=\"http:\/\/design-lin.com\/savourezmontreal\/wp-content\/uploads\/2011\/04\/Tab1.bmp\" alt=\"\" \/><\/a><\/p>\n<p><a href=\"http:\/\/design-lin.com\/savourezmontreal\/wp-content\/uploads\/2011\/04\/Tab2.bmp\"><img decoding=\"async\" class=\"aligncenter size-full wp-image-382\" title=\"Tab2\" src=\"http:\/\/design-lin.com\/savourezmontreal\/wp-content\/uploads\/2011\/04\/Tab2.bmp\" alt=\"\" \/><\/a><\/p>\n<p><a href=\"http:\/\/design-lin.com\/savourezmontreal\/wp-content\/uploads\/2011\/04\/Tab3.bmp\"><img decoding=\"async\" class=\"aligncenter size-full wp-image-383\" title=\"Tab3\" src=\"http:\/\/design-lin.com\/savourezmontreal\/wp-content\/uploads\/2011\/04\/Tab3.bmp\" alt=\"\" \/><\/a><\/p>\n<p>Calcul pour la portion des silos en b\u00e9tons\u00a0:<\/p>\n<p><a href=\"http:\/\/design-lin.com\/savourezmontreal\/wp-content\/uploads\/2011\/04\/Tab4.bmp\"><img decoding=\"async\" class=\"aligncenter size-full wp-image-385\" title=\"Tab4\" src=\"http:\/\/design-lin.com\/savourezmontreal\/wp-content\/uploads\/2011\/04\/Tab4.bmp\" alt=\"\" \/><\/a><\/p>\n<h4><strong><span style=\"color: #008000;\">B\u00e2timent en acier<\/span><\/strong><\/h4>\n<p>(\u00e9l\u00e9vateur B)<\/p>\n<p>Le zonage typique et les calculs de charge pour le b\u00e2timent en acier sont pr\u00e9sent\u00e9s ci-dessous.<\/p>\n<p><a href=\"http:\/\/design-lin.com\/savourezmontreal\/wp-content\/uploads\/2011\/04\/image31.jpg\"><img loading=\"lazy\" decoding=\"async\" class=\"aligncenter size-large wp-image-386\" title=\"image3\" src=\"http:\/\/design-lin.com\/savourezmontreal\/wp-content\/uploads\/2011\/04\/image31-1024x508.jpg\" alt=\"\" width=\"640\" height=\"317\" srcset=\"https:\/\/design-lin.com\/savourezmontreal\/wp-content\/uploads\/2011\/04\/image31-1024x508.jpg 1024w, https:\/\/design-lin.com\/savourezmontreal\/wp-content\/uploads\/2011\/04\/image31-300x148.jpg 300w, https:\/\/design-lin.com\/savourezmontreal\/wp-content\/uploads\/2011\/04\/image31.jpg 1368w\" sizes=\"auto, (max-width: 640px) 100vw, 640px\" \/><\/a><\/p>\n<p>Le r\u00e9sum\u00e9 des calculs pour le b\u00e2timent en acier est pr\u00e9sent\u00e9 ci-dessous.<a href=\"..\/wp-content\/uploads\/2011\/04\/Tab2.bmp\"><br \/>\n<\/a><\/p>\n<p><a href=\"http:\/\/design-lin.com\/savourezmontreal\/wp-content\/uploads\/2011\/04\/image31.jpg\"><\/a><a href=\"http:\/\/design-lin.com\/savourezmontreal\/wp-content\/uploads\/2011\/04\/Tab5.bmp\"><img decoding=\"async\" class=\"aligncenter size-full wp-image-387\" title=\"Tab5\" src=\"http:\/\/design-lin.com\/savourezmontreal\/wp-content\/uploads\/2011\/04\/Tab5.bmp\" alt=\"\" \/><\/a><\/p>\n<p>&nbsp;<\/p>\n","protected":false},"excerpt":{"rendered":"<p>R\u00e9sum\u00e9 des consommations et des productions d\u2019\u00e9nergies &nbsp; Le tableau suivant donne le r\u00e9sultat des calculs effectu\u00e9s tout au long du travail. On peut y voir les demandes d\u2019\u00e9nergie ainsi que la production faite par les diff\u00e9rents syst\u00e8mes. Voici graphiquement &hellip; <a class=\"more-link\" href=\"https:\/\/design-lin.com\/savourezmontreal\/mecanique\/calcul-de-la-consommation-et-bilan-denergie\/\">Continuer la lecture <span class=\"meta-nav\">&rarr;<\/span><\/a><\/p>\n","protected":false},"author":1,"featured_media":0,"parent":53,"menu_order":0,"comment_status":"closed","ping_status":"open","template":"onecolumn-page.php","meta":{"_monsterinsights_skip_tracking":false,"_monsterinsights_sitenote_active":false,"_monsterinsights_sitenote_note":"","_monsterinsights_sitenote_category":0,"ngg_post_thumbnail":0,"footnotes":""},"class_list":["post-373","page","type-page","status-publish","hentry"],"aioseo_notices":[],"_links":{"self":[{"href":"https:\/\/design-lin.com\/savourezmontreal\/wp-json\/wp\/v2\/pages\/373","targetHints":{"allow":["GET"]}}],"collection":[{"href":"https:\/\/design-lin.com\/savourezmontreal\/wp-json\/wp\/v2\/pages"}],"about":[{"href":"https:\/\/design-lin.com\/savourezmontreal\/wp-json\/wp\/v2\/types\/page"}],"author":[{"embeddable":true,"href":"https:\/\/design-lin.com\/savourezmontreal\/wp-json\/wp\/v2\/users\/1"}],"replies":[{"embeddable":true,"href":"https:\/\/design-lin.com\/savourezmontreal\/wp-json\/wp\/v2\/comments?post=373"}],"version-history":[{"count":15,"href":"https:\/\/design-lin.com\/savourezmontreal\/wp-json\/wp\/v2\/pages\/373\/revisions"}],"predecessor-version":[{"id":392,"href":"https:\/\/design-lin.com\/savourezmontreal\/wp-json\/wp\/v2\/pages\/373\/revisions\/392"}],"up":[{"embeddable":true,"href":"https:\/\/design-lin.com\/savourezmontreal\/wp-json\/wp\/v2\/pages\/53"}],"wp:attachment":[{"href":"https:\/\/design-lin.com\/savourezmontreal\/wp-json\/wp\/v2\/media?parent=373"}],"curies":[{"name":"wp","href":"https:\/\/api.w.org\/{rel}","templated":true}]}}