{"id":41,"date":"2011-03-26T22:03:30","date_gmt":"2011-03-26T22:03:30","guid":{"rendered":"http:\/\/savourezmontreal.design-lin.com\/?page_id=41"},"modified":"2021-10-13T19:39:40","modified_gmt":"2021-10-13T19:39:40","slug":"circulation","status":"publish","type":"page","link":"https:\/\/design-lin.com\/savourezmontreal\/agro-programme\/circulation\/","title":{"rendered":"Circulation"},"content":{"rendered":"<p style=\"text-align: left;\"><a href=\"http:\/\/design-lin.com\/savourezmontreal\/wp-content\/uploads\/2011\/03\/Pres_28.jpg\"><\/a><a href=\"http:\/\/design-lin.com\/savourezmontreal\/wp-content\/uploads\/2011\/03\/Pres_281.jpg\"><img loading=\"lazy\" decoding=\"async\" class=\"alignnone size-full wp-image-280\" title=\"circulation produits\" src=\"http:\/\/design-lin.com\/savourezmontreal\/wp-content\/uploads\/2011\/03\/Pres_281.jpg\" alt=\"circulation produits\" width=\"1100\" height=\"689\" srcset=\"https:\/\/design-lin.com\/savourezmontreal\/wp-content\/uploads\/2011\/03\/Pres_281.jpg 1100w, https:\/\/design-lin.com\/savourezmontreal\/wp-content\/uploads\/2011\/03\/Pres_281-300x187.jpg 300w, https:\/\/design-lin.com\/savourezmontreal\/wp-content\/uploads\/2011\/03\/Pres_281-1024x641.jpg 1024w\" sizes=\"auto, (max-width: 1100px) 100vw, 1100px\" \/><\/a><br \/>\n<strong>Circulation des produits agricoles<\/strong><\/p>\n<p>Les aliments sont cultiv\u00e9s dans les silos et amen\u00e9s \u00e0 l\u2019entrep\u00f4t du march\u00e9 gr\u00e2ce au convoyeur horizontal au 8e \u00e9tage et entre les silos. Nous visons \u00e9galement \u00e0 r\u00e9utiliser les tours mobiles et les convoyeurs ext\u00e9rieurs pour exporter et importer les produits jusqu&rsquo;\u00e0 un entrep\u00f4t installer proche de l&rsquo;autoroute Bonaventure afin de r\u00e9duire la circulation v\u00e9hiculaire sur le site.<\/p>\n<p>Apr\u00e8s la consommation des produits, les d\u00e9chets des restaurants sont ramen\u00e9s dans les silos de compost en suivant le trajet en bleu.<\/p>\n","protected":false},"excerpt":{"rendered":"<p>Circulation des produits agricoles Les aliments sont cultiv\u00e9s dans les silos et amen\u00e9s \u00e0 l\u2019entrep\u00f4t du march\u00e9 gr\u00e2ce au convoyeur horizontal au 8e \u00e9tage et entre les silos. Nous visons \u00e9galement \u00e0 r\u00e9utiliser les tours mobiles et les convoyeurs ext\u00e9rieurs &hellip; <a class=\"more-link\" href=\"https:\/\/design-lin.com\/savourezmontreal\/agro-programme\/circulation\/\">Continuer la lecture <span class=\"meta-nav\">&rarr;<\/span><\/a><\/p>\n","protected":false},"author":1,"featured_media":0,"parent":23,"menu_order":16,"comment_status":"closed","ping_status":"open","template":"onecolumn-page.php","meta":{"_monsterinsights_skip_tracking":false,"_monsterinsights_sitenote_active":false,"_monsterinsights_sitenote_note":"","_monsterinsights_sitenote_category":0,"ngg_post_thumbnail":0,"footnotes":""},"class_list":["post-41","page","type-page","status-publish","hentry"],"aioseo_notices":[],"_links":{"self":[{"href":"https:\/\/design-lin.com\/savourezmontreal\/wp-json\/wp\/v2\/pages\/41","targetHints":{"allow":["GET"]}}],"collection":[{"href":"https:\/\/design-lin.com\/savourezmontreal\/wp-json\/wp\/v2\/pages"}],"about":[{"href":"https:\/\/design-lin.com\/savourezmontreal\/wp-json\/wp\/v2\/types\/page"}],"author":[{"embeddable":true,"href":"https:\/\/design-lin.com\/savourezmontreal\/wp-json\/wp\/v2\/users\/1"}],"replies":[{"embeddable":true,"href":"https:\/\/design-lin.com\/savourezmontreal\/wp-json\/wp\/v2\/comments?post=41"}],"version-history":[{"count":9,"href":"https:\/\/design-lin.com\/savourezmontreal\/wp-json\/wp\/v2\/pages\/41\/revisions"}],"predecessor-version":[{"id":477,"href":"https:\/\/design-lin.com\/savourezmontreal\/wp-json\/wp\/v2\/pages\/41\/revisions\/477"}],"up":[{"embeddable":true,"href":"https:\/\/design-lin.com\/savourezmontreal\/wp-json\/wp\/v2\/pages\/23"}],"wp:attachment":[{"href":"https:\/\/design-lin.com\/savourezmontreal\/wp-json\/wp\/v2\/media?parent=41"}],"curies":[{"name":"wp","href":"https:\/\/api.w.org\/{rel}","templated":true}]}}