{"id":53,"date":"2011-03-26T22:08:14","date_gmt":"2011-03-26T22:08:14","guid":{"rendered":"http:\/\/savourezmontreal.design-lin.com\/?page_id=53"},"modified":"2021-10-13T19:39:51","modified_gmt":"2021-10-13T19:39:51","slug":"mecanique","status":"publish","type":"page","link":"https:\/\/design-lin.com\/savourezmontreal\/mecanique\/","title":{"rendered":"M\u00e9canique"},"content":{"rendered":"<p>Voici le sch\u00e9ma m\u00e9canique qui permet de visualiser le fonctionnement g\u00e9n\u00e9ral.<\/p>\n<p style=\"text-align: center;\"><a href=\"http:\/\/design-lin.com\/savourezmontreal\/wp-content\/uploads\/2011\/03\/schema-mec.png\"><img loading=\"lazy\" decoding=\"async\" class=\"aligncenter size-full wp-image-335\" title=\"schema mec\" src=\"http:\/\/design-lin.com\/savourezmontreal\/wp-content\/uploads\/2011\/03\/schema-mec.png\" alt=\"\" width=\"717\" height=\"548\" \/><\/a><em>Figure 3: Sch\u00e9ma m\u00e9canique simplifi\u00e9 pour les b\u00e2timents<\/em><\/p>\n<p style=\"text-align: justify;\">Le sch\u00e9ma m\u00e9canique pr\u00e9sente plusieurs syst\u00e8mes m\u00e9caniques complexes. Ils ont \u00e9t\u00e9 simplifi\u00e9s pour faciliter la compr\u00e9hension. Voici le r\u00e9sum\u00e9 des composantes principales ainsi qu\u2019une courte explication de leurs utilit\u00e9s\u00a0:<\/p>\n<p style=\"text-align: justify;\">1. 5 silos de compost avec serpentin g\u00e9n\u00e9rant de la chaleur pour l\u2019eau domestique<\/p>\n<p style=\"text-align: justify;\">2. Pompe pour le glycol dans la tuyauterie du compost<\/p>\n<p style=\"text-align: justify;\">3. Chaudi\u00e8re d\u2019appoint pour permettre une eau domestique constante en p\u00e9riode de maintenance pour le syst\u00e8me de compostage<\/p>\n<p style=\"text-align: justify;\">4. \u00c9changeur de chaleur pour transf\u00e9rer la chaleur des silos de compost au syst\u00e8me d\u2019eau domestique<\/p>\n<p style=\"text-align: justify;\">5. Ventilateur \u00e0 la sortie du b\u00e2timent<\/p>\n<p style=\"text-align: justify;\">6. Syst\u00e8me de r\u00e9cup\u00e9ration de chaleur qui permet de r\u00e9utiliser un pourcentage de la sortie d\u2019air des b\u00e2timents afin d\u2019\u00e9conomiser sur le chauffage durant l\u2019hiver. De plus, \u00a0un syst\u00e8me de contr\u00f4le automatis\u00e9 est pr\u00e9vu qui permettra de r\u00e9guler le d\u00e9bit afin d\u2019optimiser le syst\u00e8me selon les conditions ext\u00e9rieures.<\/p>\n<p style=\"text-align: justify;\">7. Serpentin froid qui permet de refroidir les b\u00e2timents<\/p>\n<p style=\"text-align: justify;\">8. 3 silos d\u2019accumulation de glace fournissant pr\u00e8s de 9% de la demande en climatisation des b\u00e2timents durant l\u2019\u00e9t\u00e9<\/p>\n<p style=\"text-align: justify;\">9. Serpentin froid utilis\u00e9 durant l\u2019hiver qui permet de g\u00e9n\u00e9rer de la glace dans les silos d\u2019accumulation<\/p>\n<p style=\"text-align: justify;\">10. Ventilateur constant pour l\u2019entr\u00e9e d\u2019air froid dans le syst\u00e8me d\u2019accumulation de glace durant l\u2019hiver (freecooling)<\/p>\n<p style=\"text-align: justify;\">11. Serpentin chaud permettant de chauffer le b\u00e2timent durant l\u2019hiver<\/p>\n<p style=\"text-align: justify;\">12. Ventilateur pour l\u2019entr\u00e9e d\u2019air dans les b\u00e2timents<\/p>\n<p style=\"text-align: justify;\">13. Machines frigorifiques permettant de refroidir les b\u00e2timents durant la saison estivale pour la majorit\u00e9 du temps. De plus, des valves \u00e0 3 voies permettent de prendre le froid de l\u2019eau du fleuve pour am\u00e9liorer l\u2019efficacit\u00e9 du syst\u00e8me de refroidissement<\/p>\n<p style=\"text-align: justify;\">14. Valve \u00e0 3 voies contr\u00f4l\u00e9es permettant de choisir de chauffer les b\u00e2timents (hiver) et\/ou de rejeter les surplus de chaleur dans le fleuve St-Laurent (\u00e9t\u00e9)<\/p>\n<p style=\"text-align: justify;\">15. Thermopompe permettant d\u2019augmenter la temp\u00e9rature de la chaleur g\u00e9n\u00e9r\u00e9e par les 4 silos de serveur ainsi que l\u2019efficacit\u00e9 du syst\u00e8me<\/p>\n<p style=\"text-align: justify;\">16. 4 silos de serveur permettant de g\u00e9n\u00e9rer la chaleur permettant de chauffer les b\u00e2timents dans sa totalit\u00e9 sur toute l\u2019ann\u00e9e. De plus, il sera possible d\u2019utiliser les surplus pour chauffer d\u2019autres b\u00e2timents connexes.<\/p>\n<p style=\"text-align: justify;\">17. Pompe permettant de faire circuler le glycol r\u00e9chauff\u00e9 par les silos de serveur vers le serpentin chaud (no.11) durant l\u2019hiver ou le surplus de chaleur vers le fleuve St-Laurent (no.18)<\/p>\n<p style=\"text-align: justify;\">18. Serpentins des b\u00e2timents passant dans le fleuve St-Laurent pour le rejet de chaleur dans le cas des silos de serveur et pour am\u00e9liorer l\u2019efficacit\u00e9 de la machine frigorifique durant l\u2019\u00e9t\u00e9<\/p>\n<p style=\"text-align: justify;\">Voir le r\u00e9sum\u00e9 de la production et de la consommation du syst\u00e8me complet.<\/p>\n<p><a href=\"http:\/\/design-lin.com\/savourezmontreal\/wp-content\/uploads\/2011\/03\/Bilan-energie_Page_11.jpg\"><img loading=\"lazy\" decoding=\"async\" class=\"alignnone size-full wp-image-287\" title=\"Bilan d'\u00e9nergie\" src=\"http:\/\/design-lin.com\/savourezmontreal\/wp-content\/uploads\/2011\/03\/Bilan-energie_Page_11.jpg\" alt=\"Bilan d'\u00e9nergie\" width=\"664\" height=\"603\" srcset=\"https:\/\/design-lin.com\/savourezmontreal\/wp-content\/uploads\/2011\/03\/Bilan-energie_Page_11.jpg 664w, https:\/\/design-lin.com\/savourezmontreal\/wp-content\/uploads\/2011\/03\/Bilan-energie_Page_11-300x272.jpg 300w\" sizes=\"auto, (max-width: 664px) 100vw, 664px\" \/><\/a><br \/>\n<a href=\"http:\/\/design-lin.com\/savourezmontreal\/wp-content\/uploads\/2011\/03\/Compost_silo.jpg\"><br \/>\n<\/a><\/p>\n<p><a href=\"http:\/\/design-lin.com\/savourezmontreal\/wp-content\/uploads\/2011\/03\/Bilan-energie_Page_2.jpg\"><\/a><\/p>\n","protected":false},"excerpt":{"rendered":"<p>Voici le sch\u00e9ma m\u00e9canique qui permet de visualiser le fonctionnement g\u00e9n\u00e9ral. Figure 3: Sch\u00e9ma m\u00e9canique simplifi\u00e9 pour les b\u00e2timents Le sch\u00e9ma m\u00e9canique pr\u00e9sente plusieurs syst\u00e8mes m\u00e9caniques complexes. Ils ont \u00e9t\u00e9 simplifi\u00e9s pour faciliter la compr\u00e9hension. Voici le r\u00e9sum\u00e9 des composantes &hellip; <a class=\"more-link\" href=\"https:\/\/design-lin.com\/savourezmontreal\/mecanique\/\">Continuer la lecture <span class=\"meta-nav\">&rarr;<\/span><\/a><\/p>\n","protected":false},"author":1,"featured_media":0,"parent":0,"menu_order":50,"comment_status":"closed","ping_status":"open","template":"onecolumn-page.php","meta":{"_monsterinsights_skip_tracking":false,"_monsterinsights_sitenote_active":false,"_monsterinsights_sitenote_note":"","_monsterinsights_sitenote_category":0,"ngg_post_thumbnail":0,"footnotes":""},"class_list":["post-53","page","type-page","status-publish","hentry"],"aioseo_notices":[],"_links":{"self":[{"href":"https:\/\/design-lin.com\/savourezmontreal\/wp-json\/wp\/v2\/pages\/53","targetHints":{"allow":["GET"]}}],"collection":[{"href":"https:\/\/design-lin.com\/savourezmontreal\/wp-json\/wp\/v2\/pages"}],"about":[{"href":"https:\/\/design-lin.com\/savourezmontreal\/wp-json\/wp\/v2\/types\/page"}],"author":[{"embeddable":true,"href":"https:\/\/design-lin.com\/savourezmontreal\/wp-json\/wp\/v2\/users\/1"}],"replies":[{"embeddable":true,"href":"https:\/\/design-lin.com\/savourezmontreal\/wp-json\/wp\/v2\/comments?post=53"}],"version-history":[{"count":10,"href":"https:\/\/design-lin.com\/savourezmontreal\/wp-json\/wp\/v2\/pages\/53\/revisions"}],"predecessor-version":[{"id":486,"href":"https:\/\/design-lin.com\/savourezmontreal\/wp-json\/wp\/v2\/pages\/53\/revisions\/486"}],"wp:attachment":[{"href":"https:\/\/design-lin.com\/savourezmontreal\/wp-json\/wp\/v2\/media?parent=53"}],"curies":[{"name":"wp","href":"https:\/\/api.w.org\/{rel}","templated":true}]}}